{"id":2,"date":"2016-05-10T03:48:21","date_gmt":"2016-05-10T03:48:21","guid":{"rendered":"http:\/\/fgqz.de\/?page_id=2"},"modified":"2025-02-20T09:42:28","modified_gmt":"2025-02-20T09:42:28","slug":"sample-page","status":"publish","type":"page","link":"https:\/\/fgqz.de\/","title":{"rendered":"Leitbild"},"content":{"rendered":"\t\t<div data-elementor-type=\"wp-page\" data-elementor-id=\"2\" class=\"elementor elementor-2\" data-elementor-post-type=\"page\">\n\t\t\t\t\t\t<section class=\"elementor-section elementor-top-section elementor-element elementor-element-217f7fb7 elementor-section-boxed elementor-section-height-default elementor-section-height-default\" data-id=\"217f7fb7\" data-element_type=\"section\">\n\t\t\t\t\t\t<div class=\"elementor-container elementor-column-gap-default\">\n\t\t\t\t\t<div class=\"elementor-column elementor-col-100 elementor-top-column elementor-element elementor-element-24107427\" data-id=\"24107427\" data-element_type=\"column\">\n\t\t\t<div class=\"elementor-widget-wrap elementor-element-populated\">\n\t\t\t\t\t\t<div class=\"elementor-element elementor-element-5b4e6099 elementor-widget elementor-widget-text-editor\" data-id=\"5b4e6099\" data-element_type=\"widget\" data-widget_type=\"text-editor.default\">\n\t\t\t\t<div class=\"elementor-widget-container\">\n\t\t\t\t\t\t\t\t\t\n<p><span style=\"color: #000000;\"><div class=\"ditty ditty--pre\" data-id=\"709\" data-uniqid=\"ditty-69f9e49ded66a\"><\/div><\/span><\/p>\n<p><span style=\"color: #000000;\"><\/span><\/p>\n<div class=\"alignnormal\"><span style=\"color: #000000;\"><div id=\"metaslider-id-118\" style=\"width: 100%;\" class=\"ml-slider-3-102-0 metaslider metaslider-flex metaslider-118 ml-slider has-dots-nav ms-theme-default\" role=\"region\" aria-label=\"Leitbild_Slideshow\" data-height=\"300\" data-width=\"700\">\n    <div id=\"metaslider_container_118\">\n        <div id=\"metaslider_118\">\n            <ul class='slides'>\n                <li style=\"display: block; width: 100%;\" class=\"slide-120 ms-image \" aria-roledescription=\"slide\" data-date=\"2020-02-03 10:48:05\" data-slide-type=\"image\"><img fetchpriority=\"high\" decoding=\"async\" src=\"https:\/\/fgqz.de\/wp-content\/uploads\/2020\/02\/1_RKU_Titelbild-1-scaled-700x300.jpg\" height=\"300\" width=\"700\" alt=\"\" class=\"slider-118 slide-120 msDefaultImage\" title=\"1_RKU_Titelbild-1\" \/><\/li>\n                <li style=\"display: none; width: 100%;\" class=\"slide-121 ms-image \" aria-roledescription=\"slide\" data-date=\"2020-02-03 10:48:31\" data-slide-type=\"image\"><img decoding=\"async\" src=\"https:\/\/fgqz.de\/wp-content\/uploads\/2020\/02\/RKU_MTT-700x300.jpg\" height=\"300\" width=\"700\" alt=\"\" class=\"slider-118 slide-121 msDefaultImage\" title=\"RKU_MTT\" \/><\/li>\n                <li style=\"display: none; width: 100%;\" class=\"slide-122 ms-image \" aria-roledescription=\"slide\" data-date=\"2020-02-03 10:48:40\" data-slide-type=\"image\"><img decoding=\"async\" src=\"https:\/\/fgqz.de\/wp-content\/uploads\/2020\/02\/RKU-nachts-scaled-700x300.jpg\" height=\"300\" width=\"700\" alt=\"\" class=\"slider-118 slide-122 msDefaultImage\" title=\"RKU nachts\" \/><\/li>\n            <\/ul>\n        <\/div>\n        \n    <\/div>\n<\/div><\/span><\/div>\n<p><span style=\"color: #000000;\"><\/span><\/p>\n<p><span style=\"font-family: Arial, Helvetica, sans-serif; color: #000000;\">Pro Jahr erleiden in Deutschland etwa 2.500 Menschen unfall- und erkrankungsbedingt eine bleibende Querschnittl\u00e4hmung. In der gro\u00dfen Mehrzahl der F\u00e4lle wird die gesamte Lebenskonstruktion der Betroffenen in wirtschaftlicher, beruflicher und besonders auch in sozialer Hinsicht zerst\u00f6rt. <\/span><\/p>\n<p><span style=\"font-family: Arial, Helvetica, sans-serif; color: #000000;\">Die F\u00f6rdergemeinschaft f\u00fcr das Querschnittgel\u00e4hmten-zentrum des Rehabilitationskrankenhauses Ulm e. V. wurde gegr\u00fcndet, um m\u00f6glichst vielen Betroffenen in Ulm und weit um Ulm herum eine Anlaufstelle zu geben, an die sie sich wenden k\u00f6nnen, wenn es in Zeiten immer knapper werdender finanzieller Ressourcen darum geht, im Einzelfall zu helfen und die soziale Rehabilitation und Integration von Betroffenen zu unterst\u00fctzen.<\/span><\/p>\n<p><span style=\"font-family: Arial, Helvetica, sans-serif; color: #000000;\">Ich w\u00fcnsche mir einen aktiven Verein und rufe jeden dazu auf, nicht nur Mitglied zu werden und damit Querschnittgel\u00e4hmten Unterst\u00fctzung zu geben, sondern die Vereinst\u00e4tigkeit auch aktiv mitzugestalten.<br \/>In der Hoffnung auf eine immer st\u00e4rker werdende F\u00f6rdergemeinschaft f\u00fcr das Querschnittgel\u00e4hmtenzentrum des RKU e. V.<\/span><\/p>\n\n<figure class=\"wp-block-image size-large is-resized\"><img loading=\"lazy\" decoding=\"async\" width=\"732\" height=\"157\" class=\"wp-image-94\" style=\"width: 276px; height: 59px;\" src=\"http:\/\/fgqz.de\/wp-content\/uploads\/2020\/02\/sign_kalke_gelber_hintergrund.png\" alt=\"Sign Dr. Kalke\" srcset=\"https:\/\/fgqz.de\/wp-content\/uploads\/2020\/02\/sign_kalke_gelber_hintergrund.png 732w, https:\/\/fgqz.de\/wp-content\/uploads\/2020\/02\/sign_kalke_gelber_hintergrund-300x64.png 300w\" sizes=\"(max-width: 732px) 100vw, 732px\" \/>\n<figcaption class=\"wp-element-caption\"><span style=\"color: #000000;\">Dr. Yorck-Bernhard Kalke<\/span><br \/><span style=\"color: #000000;\">Vorsitzender der F\u00f6rdergemeinschaft<\/span><\/figcaption>\n<\/figure>\n\t\t\t\t\t\t\t\t<\/div>\n\t\t\t\t<\/div>\n\t\t\t\t\t<\/div>\n\t\t<\/div>\n\t\t\t\t\t<\/div>\n\t\t<\/section>\n\t\t\t\t<section class=\"elementor-section elementor-top-section elementor-element elementor-element-9cc8f09 elementor-section-boxed elementor-section-height-default elementor-section-height-default\" data-id=\"9cc8f09\" data-element_type=\"section\">\n\t\t\t\t\t\t<div class=\"elementor-container elementor-column-gap-default\">\n\t\t\t\t\t<div class=\"elementor-column elementor-col-100 elementor-top-column elementor-element elementor-element-2027b54\" data-id=\"2027b54\" data-element_type=\"column\">\n\t\t\t<div class=\"elementor-widget-wrap elementor-element-populated\">\n\t\t\t\t\t\t<div class=\"elementor-element elementor-element-e470ae3 elementor-widget elementor-widget-heading\" data-id=\"e470ae3\" data-element_type=\"widget\" data-widget_type=\"heading.default\">\n\t\t\t\t<div class=\"elementor-widget-container\">\n\t\t\t\t\t<h2 class=\"elementor-heading-title elementor-size-default\">Sie m\u00f6chten spenden?<\/h2>\t\t\t\t<\/div>\n\t\t\t\t<\/div>\n\t\t\t\t\t<\/div>\n\t\t<\/div>\n\t\t\t\t\t<\/div>\n\t\t<\/section>\n\t\t\t\t<section class=\"elementor-section elementor-top-section elementor-element elementor-element-cca740f elementor-section-boxed elementor-section-height-default elementor-section-height-default\" data-id=\"cca740f\" data-element_type=\"section\">\n\t\t\t\t\t\t<div class=\"elementor-container elementor-column-gap-default\">\n\t\t\t\t\t<div class=\"elementor-column elementor-col-100 elementor-top-column elementor-element elementor-element-f65d847\" data-id=\"f65d847\" data-element_type=\"column\">\n\t\t\t<div class=\"elementor-widget-wrap elementor-element-populated\">\n\t\t\t\t\t\t<div class=\"elementor-element elementor-element-6c6aef9 elementor-widget elementor-widget-text-editor\" data-id=\"6c6aef9\" data-element_type=\"widget\" data-widget_type=\"text-editor.default\">\n\t\t\t\t<div class=\"elementor-widget-container\">\n\t\t\t\t\t\t\t\t\t<p><span style=\"color: #000000;\"><strong>BANKVERBINUNG:<\/strong><\/span><\/p>\n<p><span style=\"color: #000000;\">IBAN\u00a0\u00a0 DE24 6305 0000 0002 1698 15<\/span><\/p>\n<p><span style=\"color: #000000;\">BIC\u00a0 \u00a0 \u00a0 SOLADES1ULM<\/span><\/p>\t\t\t\t\t\t\t\t<\/div>\n\t\t\t\t<\/div>\n\t\t\t\t\t<\/div>\n\t\t<\/div>\n\t\t\t\t\t<\/div>\n\t\t<\/section>\n\t\t\t\t<section class=\"elementor-section elementor-top-section elementor-element elementor-element-e8646d3 elementor-section-boxed elementor-section-height-default elementor-section-height-default\" data-id=\"e8646d3\" data-element_type=\"section\">\n\t\t\t\t\t\t<div class=\"elementor-container elementor-column-gap-default\">\n\t\t\t\t\t<div class=\"elementor-column elementor-col-100 elementor-top-column elementor-element elementor-element-958d76f\" data-id=\"958d76f\" data-element_type=\"column\">\n\t\t\t<div class=\"elementor-widget-wrap elementor-element-populated\">\n\t\t\t\t\t\t<div class=\"elementor-element elementor-element-2d7a4b9 elementor-widget elementor-widget-text-editor\" data-id=\"2d7a4b9\" data-element_type=\"widget\" data-widget_type=\"text-editor.default\">\n\t\t\t\t<div class=\"elementor-widget-container\">\n\t\t\t\t\t\t\t\t\t<p><span style=\"color: #000000;\">Sie ben\u00f6tigen eine Spendenquittung?\u00a0<\/span><\/p>\n<p><span style=\"color: #000000;\">Schreiben Sie uns an<\/span> <a href=\"mailto:info@fgqzulm.de\">info@fgqzulm.de<\/a><\/p>\t\t\t\t\t\t\t\t<\/div>\n\t\t\t\t<\/div>\n\t\t\t\t\t<\/div>\n\t\t<\/div>\n\t\t\t\t\t<\/div>\n\t\t<\/section>\n\t\t\t\t<\/div>\n\t\t","protected":false},"excerpt":{"rendered":"<p>Pro Jahr erleiden in Deutschland etwa 2.500 Menschen unfall- und erkrankungsbedingt eine bleibende Querschnittl\u00e4hmung. In der gro\u00dfen Mehrzahl der F\u00e4lle wird die gesamte Lebenskonstruktion der Betroffenen in wirtschaftlicher, beruflicher und besonders auch in sozialer Hinsicht zerst\u00f6rt. Die F\u00f6rdergemeinschaft f\u00fcr das Querschnittgel\u00e4hmten-zentrum des Rehabilitationskrankenhauses Ulm e. V. wurde gegr\u00fcndet, um m\u00f6glichst vielen Betroffenen in Ulm und [&hellip;]<\/p>\n","protected":false},"author":1,"featured_media":0,"parent":0,"menu_order":0,"comment_status":"closed","ping_status":"closed","template":"","meta":{"footnotes":""},"class_list":["post-2","page","type-page","status-publish","hentry"],"_links":{"self":[{"href":"https:\/\/fgqz.de\/index.php?rest_route=\/wp\/v2\/pages\/2","targetHints":{"allow":["GET"]}}],"collection":[{"href":"https:\/\/fgqz.de\/index.php?rest_route=\/wp\/v2\/pages"}],"about":[{"href":"https:\/\/fgqz.de\/index.php?rest_route=\/wp\/v2\/types\/page"}],"author":[{"embeddable":true,"href":"https:\/\/fgqz.de\/index.php?rest_route=\/wp\/v2\/users\/1"}],"replies":[{"embeddable":true,"href":"https:\/\/fgqz.de\/index.php?rest_route=%2Fwp%2Fv2%2Fcomments&post=2"}],"version-history":[{"count":35,"href":"https:\/\/fgqz.de\/index.php?rest_route=\/wp\/v2\/pages\/2\/revisions"}],"predecessor-version":[{"id":822,"href":"https:\/\/fgqz.de\/index.php?rest_route=\/wp\/v2\/pages\/2\/revisions\/822"}],"wp:attachment":[{"href":"https:\/\/fgqz.de\/index.php?rest_route=%2Fwp%2Fv2%2Fmedia&parent=2"}],"curies":[{"name":"wp","href":"https:\/\/api.w.org\/{rel}","templated":true}]}}