{"id":41,"date":"2020-02-01T13:31:21","date_gmt":"2020-02-01T13:31:21","guid":{"rendered":"http:\/\/fgqz.de\/?page_id=41"},"modified":"2026-03-07T19:12:09","modified_gmt":"2026-03-07T19:12:09","slug":"termine","status":"publish","type":"page","link":"https:\/\/fgqz.de\/?page_id=41","title":{"rendered":"Termine"},"content":{"rendered":"\t\t<div data-elementor-type=\"wp-page\" data-elementor-id=\"41\" class=\"elementor elementor-41\" data-elementor-post-type=\"page\">\n\t\t\t\t\t\t<section class=\"elementor-section elementor-top-section elementor-element elementor-element-6a310a21 elementor-section-boxed elementor-section-height-default elementor-section-height-default\" data-id=\"6a310a21\" data-element_type=\"section\">\n\t\t\t\t\t\t<div class=\"elementor-container elementor-column-gap-default\">\n\t\t\t\t\t<div class=\"elementor-column elementor-col-100 elementor-top-column elementor-element elementor-element-129813cb\" data-id=\"129813cb\" data-element_type=\"column\">\n\t\t\t<div class=\"elementor-widget-wrap elementor-element-populated\">\n\t\t\t\t\t\t<div class=\"elementor-element elementor-element-6befaed3 elementor-widget elementor-widget-text-editor\" data-id=\"6befaed3\" data-element_type=\"widget\" data-widget_type=\"text-editor.default\">\n\t\t\t\t<div class=\"elementor-widget-container\">\n\t\t\t\t\t\t\t\t\t<figure><img decoding=\"async\" src=\"http:\/\/fgqz.de\/wp-content\/uploads\/2020\/02\/IMG_1948-scaled-e1580655183531-1024x448.jpeg\" alt=\"\" \/>\n<p>\u00a0<\/p>\n<figcaption>Stammtisch<\/figcaption>\n<\/figure>\n<p><!-- \/wp:image --><!-- wp:heading --><\/p>\n<h2>Stammtisch in Seligweiler<\/h2>\n<p><!-- \/wp:heading --><!-- wp:paragraph --><\/p>\n<p>Unser monatlicher Stammtisch findet immer am dritten Dienstag eines Monats ab 19 Uhr in der Gastst\u00e4tte Seligweiler statt. Egal ob Betroffene, Angeh\u00f6rige oder Neugierige &#8211; Jeder ist zu dem Stammtisch unserer F\u00f6rdergemeinschaft herzlich eingeladen, eine vorab Anmeldung ist nicht notwendig. (Adresse: Seligweiler 1, 89081 Ulm)<\/p>\n<p><!-- \/wp:list-item --><!-- wp:list-item --><\/p>\n<p><!-- \/wp:list-item --><!-- wp:list-item --><\/p>\n<ul>\n<li style=\"list-style-type: none;\">\n<ul>\n<li><strong>Dienstag, 20. Januar 2026 <\/strong>&#8222;Wir brauchen ein Wohnprojekt f\u00fcr<br \/>Menschen mit k\u00f6rperlichen <br \/>Einschr\u00e4nkungen&#8220; &#8211; Inges Vision<\/li>\n<li><strong><strong>Dienstag, 17. Februar 2026 <\/strong><\/strong>&#8222;Schmerztherapie mit QSL&#8220;- Psychologin Katja Oetinger<\/li>\n<li><strong>Dienstag, 17. M\u00e4rz 2026<\/strong>&#8222;Jahreshauptversammlung&#8220; &#8211; Vorstand FGQZ<\/li>\n<li><strong>Dienstag, 21. April 2026\u00a0<\/strong><br \/>&#8222;Produkte von Teleflex&#8220; &#8211; Manuela Tsiotidis-Melzer<\/li>\n<li><strong>Dienstag, 19. Mai 2026\u00a0<\/strong><br \/>&#8222;Case Management QSL&#8220; &#8211; Ulrike Neidlinger-Kraft<\/li>\n<li><strong>Dienstag, 16. Juni 2026\u00a0<\/strong><br \/>&#8222;Assistenz Hunde&#8220;- Thomas Riehl (vista-assistenzhunde.de)<\/li>\n<li><strong>Dienstag, 21. Juli 2026\u00a0<\/strong><br \/>Biergarten- Gastst\u00e4tte Seligweiler<\/li>\n<li><strong>Dienstag, 18. August 2026\u00a0<\/strong><br \/>Biergarten- Gastst\u00e4tte Seligweiler <br \/>19 Uhr<\/li>\n<li><strong>Dienstag, 15. September 2026\u00a0<\/strong> &#8222;Reha-Neuheiten&#8220;- J\u00f6rg Uttenweiler (Firma H\u00e4ussler)<strong><br \/><\/strong><\/li>\n<li><strong>Dienstag, 20. Oktober 2026 <\/strong>&#8222;Recht im Schadensfallersatz, BG &amp;<br \/>Unfallversicherung 2.0&#8243;- Rechtsanwalt Oliver Negele<strong><br \/><\/strong><\/li>\n<li><strong>Dienstag, 17. November 2026 <\/strong>&#8222;UROQ Update &#8220; &#8211; Dr. Schindler &amp; Stefan Tichelmann<strong><br \/><\/strong><\/li>\n<li><strong>Dienstag, 15. Dezember 2026<br \/><\/strong>&#8222;Adventsstammtisch und<br \/>Feier Jubil\u00e4um 200. Stammtisch&#8220;<\/li>\n<\/ul>\n<\/li>\n<\/ul>\n<p><!-- \/wp:list-item --><\/p>\n<p><!-- \/wp:list --><!-- wp:heading --><\/p>\n<h2>Hauptversammlung<\/h2>\n<p><!-- \/wp:heading --><!-- wp:paragraph --><\/p>\n<p><strong>Dienstag, 17. M\u00e4rz 2026, ab 19 Uhr<\/strong> &#8211; Gastst\u00e4tte Seligweiler<\/p>\n<p><!-- \/wp:paragraph --><!-- wp:heading --><\/p>\n<h2>Sommerfest<\/h2>\n<p><!-- \/wp:heading --><!-- wp:paragraph --><\/p>\n<p>Das Sommerfest der F\u00f6rdergemeinschaft findet einmal im Jahr auf dem Gel\u00e4nde der Seglergemeinschaft Thalfingen e.V. direkt am Thalfinger See statt. (Adresse: Vereinsheim, F\u00e4hrenweg, 89275 Elchingen)<\/p>\n<p><!-- \/wp:paragraph --><!-- wp:paragraph --><\/p>\n<p><strong>Donnerstag, 23. Juli 2026, ab 11:30 Uhr <\/strong><\/p>\n<p><!-- \/wp:paragraph --><!-- wp:image {\"id\":44,\"sizeSlug\":\"large\"} --><\/p>\n<figure><img decoding=\"async\" src=\"http:\/\/fgqz.de\/wp-content\/uploads\/2020\/02\/IMG_0024-1024x768.jpeg\" alt=\"\" \/>\n<p>\u00a0<\/p>\n<figcaption>Sommerfest am Thalfinger See<\/figcaption>\n<\/figure>\n<p><!-- \/wp:image --><\/p>\t\t\t\t\t\t\t\t<\/div>\n\t\t\t\t<\/div>\n\t\t\t\t\t<\/div>\n\t\t<\/div>\n\t\t\t\t\t<\/div>\n\t\t<\/section>\n\t\t\t\t<\/div>\n\t\t","protected":false},"excerpt":{"rendered":"<p>\u00a0Stammtisch Stammtisch in Seligweiler Unser monatlicher Stammtisch findet immer am dritten Dienstag eines Monats ab 19 Uhr in der Gastst\u00e4tte Seligweiler statt. Egal ob Betroffene, Angeh\u00f6rige oder Neugierige &#8211; Jeder ist zu dem Stammtisch unserer F\u00f6rdergemeinschaft herzlich eingeladen, eine vorab Anmeldung ist nicht notwendig. (Adresse: Seligweiler 1, 89081 Ulm) Dienstag, 20. Januar 2026 &#8222;Wir brauchen [&hellip;]<\/p>\n","protected":false},"author":1,"featured_media":0,"parent":0,"menu_order":0,"comment_status":"closed","ping_status":"closed","template":"","meta":{"footnotes":""},"class_list":["post-41","page","type-page","status-publish","hentry"],"_links":{"self":[{"href":"https:\/\/fgqz.de\/index.php?rest_route=\/wp\/v2\/pages\/41","targetHints":{"allow":["GET"]}}],"collection":[{"href":"https:\/\/fgqz.de\/index.php?rest_route=\/wp\/v2\/pages"}],"about":[{"href":"https:\/\/fgqz.de\/index.php?rest_route=\/wp\/v2\/types\/page"}],"author":[{"embeddable":true,"href":"https:\/\/fgqz.de\/index.php?rest_route=\/wp\/v2\/users\/1"}],"replies":[{"embeddable":true,"href":"https:\/\/fgqz.de\/index.php?rest_route=%2Fwp%2Fv2%2Fcomments&post=41"}],"version-history":[{"count":73,"href":"https:\/\/fgqz.de\/index.php?rest_route=\/wp\/v2\/pages\/41\/revisions"}],"predecessor-version":[{"id":882,"href":"https:\/\/fgqz.de\/index.php?rest_route=\/wp\/v2\/pages\/41\/revisions\/882"}],"wp:attachment":[{"href":"https:\/\/fgqz.de\/index.php?rest_route=%2Fwp%2Fv2%2Fmedia&parent=41"}],"curies":[{"name":"wp","href":"https:\/\/api.w.org\/{rel}","templated":true}]}}